{"id":2157,"date":"2018-12-26T06:52:16","date_gmt":"2018-12-26T05:52:16","guid":{"rendered":"https:\/\/websitedemos.net\/sierra-nature-02\/?page_id=133"},"modified":"2019-04-17T22:29:17","modified_gmt":"2019-04-17T20:29:17","slug":"neuigkeiten-2","status":"publish","type":"page","link":"https:\/\/feuerwehr-roettgen.de\/?page_id=2157","title":{"rendered":"NEUIGKEITEN"},"content":{"rendered":"\n<section class=\"wp-block-uagb-section uagb-section__wrap uagb-section__background-image\" id=\"uagb-section-bbbaf309-04e0-4a1c-a47e-f73847e58ead\"><div class=\"uagb-section__overlay\"><\/div><div class=\"uagb-section__inner-wrap\">\n<div class=\"wp-block-uagb-advanced-heading\" id=\"uagb-adv-heading-c71e15e7-f4a5-486f-b24a-2ddd3a7f2f11\"><h1 class=\"uagb-heading-text\">NEUIGKEITEN<br><\/h1><div class=\"uagb-separator-wrap\"><div class=\"uagb-separator\"><\/div><\/div><p class=\"uagb-desc-text\"><\/p><\/div>\n<\/div><\/section>\n\n\n\n<section class=\"wp-block-uagb-section uagb-section__wrap uagb-section__background-color\" id=\"uagb-section-9e24ac2d-3c92-4473-98a0-9dc29ce36af5\"><div class=\"uagb-section__overlay\"><\/div><div class=\"uagb-section__inner-wrap\">\n\t\t\t<div class=\"wp-block-uagb-post-grid uagb-post-grid  uagb-post__image-position-top uagb-post__image-enabled uagb-block-5fcd5efa-97e9-4d7d-8438-930902898dff     uagb-post__items uagb-post__columns-3 is-grid uagb-post__columns-tablet-2 uagb-post__columns-mobile-1 uagb-post__equal-height\" data-total=\"9\" style=\"\">\n\n\t\t\t\t\t\t\t\t\t\t\t\t<article class=\"uagb-post__inner-wrap\">\t\t\t\t\t\t\t\t<div class='uagb-post__image'>\n\t\t\t\t\t\t\t\t\t<a href=\"https:\/\/feuerwehr-roettgen.de\/?p=3302\" target=\"_self\" rel=\"bookmark noopener noreferrer\" class='uagb-image-ratio-inherit'><img fetchpriority=\"high\" decoding=\"async\" width=\"1920\" height=\"1280\" src=\"https:\/\/feuerwehr-roettgen.de\/wp-77b5d-content\/uploads\/2024\/05\/IMG_5357.jpg\" class=\"attachment-full size-full\" alt=\"\" srcset=\"https:\/\/feuerwehr-roettgen.de\/wp-77b5d-content\/uploads\/2024\/05\/IMG_5357.jpg 1920w, https:\/\/feuerwehr-roettgen.de\/wp-77b5d-content\/uploads\/2024\/05\/IMG_5357-300x200.jpg 300w, https:\/\/feuerwehr-roettgen.de\/wp-77b5d-content\/uploads\/2024\/05\/IMG_5357-1024x683.jpg 1024w, https:\/\/feuerwehr-roettgen.de\/wp-77b5d-content\/uploads\/2024\/05\/IMG_5357-768x512.jpg 768w, https:\/\/feuerwehr-roettgen.de\/wp-77b5d-content\/uploads\/2024\/05\/IMG_5357-1536x1024.jpg 1536w\" sizes=\"(max-width: 1920px) 100vw, 1920px\" \/>\t\t\t\t\t<\/a>\n\t\t\t\t\t\t\t<\/div>\n\t\t\t\t\t\t<h4 class=\"uagb-post__title uagb-post__text\">\n\t\t\t\t<a href=\"https:\/\/feuerwehr-roettgen.de\/?p=3302\" target=\"_self\" rel=\"bookmark noopener noreferrer\">Tag der offenen Tore bei der Feuerwehr R\u00f6ttgen am 26. Mai 2024<\/a>\n\t\t\t<\/h4>\n\t\t\t\t\t\t<div class='uagb-post__text uagb-post-grid-byline'>\n\t\t\t\t\t\t\t\t<time datetime=\"2024-05-25T17:11:31+02:00\" class=\"uagb-post__date\">\n\t\t\t\t<span class=\"dashicons-calendar dashicons\"><\/span>\t\t\t\t\t25. Mai 2024\t\t\t\t<\/time>\n\t\t\t\t\t\t<\/div>\n\t\t\t\t\t\t\t<div class='uagb-post__text uagb-post__excerpt'>\n\t\t\t\t\t<p>Die Feuerwehr R\u00f6ttgen l\u00e4dt Sie herzlich zu unserem Tag der offenen Tore am 26. Mai 2024 ein! Freuen Sie sich&#8230;\t\t\t\t<\/div>\n\t\t\t\t\t\t<div class=\"uagb-post__text uagb-post__cta wp-block-button\">\n\t\t\t\t<a class=\"wp-block-button__link uagb-text-link\" style=\"\" href=\"https:\/\/feuerwehr-roettgen.de\/?p=3302\" target=\"_self\" rel=\"bookmark noopener noreferrer\">Weiterlesen<\/a>\n\t\t\t<\/div>\n\t\t\t\n\t\t\t\t\t\t\t\t\t<\/article>\n\t\t\t\t\t\t\t\t\t\t\t\t\t\t\t\t<article class=\"uagb-post__inner-wrap\">\t\t\t\t\t\t\t\t<h4 class=\"uagb-post__title uagb-post__text\">\n\t\t\t\t<a href=\"https:\/\/feuerwehr-roettgen.de\/?p=3284\" target=\"_self\" rel=\"bookmark noopener noreferrer\">Nachruf<\/a>\n\t\t\t<\/h4>\n\t\t\t\t\t\t<div class='uagb-post__text uagb-post-grid-byline'>\n\t\t\t\t\t\t\t\t<time datetime=\"2024-04-15T19:05:03+02:00\" class=\"uagb-post__date\">\n\t\t\t\t<span class=\"dashicons-calendar dashicons\"><\/span>\t\t\t\t\t15. April 2024\t\t\t\t<\/time>\n\t\t\t\t\t\t<\/div>\n\t\t\t\t\t\t\t<div class='uagb-post__text uagb-post__excerpt'>\n\t\t\t\t\t<p>In Gedenken an unseren gesch\u00e4tzten Feuerwehrkameraden Detlev Opas, der am 10. April 2024 im Alter von 70 Jahren verstorben ist.\u00a0Detlev&#8230;\t\t\t\t<\/div>\n\t\t\t\t\t\t<div class=\"uagb-post__text uagb-post__cta wp-block-button\">\n\t\t\t\t<a class=\"wp-block-button__link uagb-text-link\" style=\"\" href=\"https:\/\/feuerwehr-roettgen.de\/?p=3284\" target=\"_self\" rel=\"bookmark noopener noreferrer\">Weiterlesen<\/a>\n\t\t\t<\/div>\n\t\t\t\n\t\t\t\t\t\t\t\t\t<\/article>\n\t\t\t\t\t\t\t\t\t\t\t\t\t\t\t\t<article class=\"uagb-post__inner-wrap\">\t\t\t\t\t\t\t\t<div class='uagb-post__image'>\n\t\t\t\t\t\t\t\t\t<a href=\"https:\/\/feuerwehr-roettgen.de\/?p=3265\" target=\"_self\" rel=\"bookmark noopener noreferrer\" class='uagb-image-ratio-inherit'><img decoding=\"async\" width=\"2048\" height=\"1365\" src=\"https:\/\/feuerwehr-roettgen.de\/wp-77b5d-content\/uploads\/2023\/06\/126900670_3816866028334996_7921082299440013551_n.jpg\" class=\"attachment-full size-full\" alt=\"\" srcset=\"https:\/\/feuerwehr-roettgen.de\/wp-77b5d-content\/uploads\/2023\/06\/126900670_3816866028334996_7921082299440013551_n.jpg 2048w, https:\/\/feuerwehr-roettgen.de\/wp-77b5d-content\/uploads\/2023\/06\/126900670_3816866028334996_7921082299440013551_n-300x200.jpg 300w, https:\/\/feuerwehr-roettgen.de\/wp-77b5d-content\/uploads\/2023\/06\/126900670_3816866028334996_7921082299440013551_n-1024x683.jpg 1024w, https:\/\/feuerwehr-roettgen.de\/wp-77b5d-content\/uploads\/2023\/06\/126900670_3816866028334996_7921082299440013551_n-768x512.jpg 768w, https:\/\/feuerwehr-roettgen.de\/wp-77b5d-content\/uploads\/2023\/06\/126900670_3816866028334996_7921082299440013551_n-1536x1024.jpg 1536w\" sizes=\"(max-width: 2048px) 100vw, 2048px\" \/>\t\t\t\t\t<\/a>\n\t\t\t\t\t\t\t<\/div>\n\t\t\t\t\t\t<h4 class=\"uagb-post__title uagb-post__text\">\n\t\t\t\t<a href=\"https:\/\/feuerwehr-roettgen.de\/?p=3265\" target=\"_self\" rel=\"bookmark noopener noreferrer\">In Trauer<\/a>\n\t\t\t<\/h4>\n\t\t\t\t\t\t<div class='uagb-post__text uagb-post-grid-byline'>\n\t\t\t\t\t\t\t\t<time datetime=\"2023-06-18T19:17:08+02:00\" class=\"uagb-post__date\">\n\t\t\t\t<span class=\"dashicons-calendar dashicons\"><\/span>\t\t\t\t\t18. Juni 2023\t\t\t\t<\/time>\n\t\t\t\t\t\t<\/div>\n\t\t\t\t\t\t\t<div class='uagb-post__text uagb-post__excerpt'>\n\t\t\t\t\t<p>Zwei Feuerwehrleute sind heute bei einem Gro\u00dfbrand in St. Augustin ums Leben gekommen, ein weiterer wurde verletzt. Wir sind tief&#8230;\t\t\t\t<\/div>\n\t\t\t\t\t\t<div class=\"uagb-post__text uagb-post__cta wp-block-button\">\n\t\t\t\t<a class=\"wp-block-button__link uagb-text-link\" style=\"\" href=\"https:\/\/feuerwehr-roettgen.de\/?p=3265\" target=\"_self\" rel=\"bookmark noopener noreferrer\">Weiterlesen<\/a>\n\t\t\t<\/div>\n\t\t\t\n\t\t\t\t\t\t\t\t\t<\/article>\n\t\t\t\t\t\t\t\t\t\t\t\t\t\t\t\t<article class=\"uagb-post__inner-wrap\">\t\t\t\t\t\t\t\t<div class='uagb-post__image'>\n\t\t\t\t\t\t\t\t\t<a href=\"https:\/\/feuerwehr-roettgen.de\/?p=3261\" target=\"_self\" rel=\"bookmark noopener noreferrer\" class='uagb-image-ratio-inherit'><img decoding=\"async\" width=\"4032\" height=\"3024\" src=\"https:\/\/feuerwehr-roettgen.de\/wp-77b5d-content\/uploads\/2023\/06\/IMG_4223.png\" class=\"attachment-full size-full\" alt=\"\" srcset=\"https:\/\/feuerwehr-roettgen.de\/wp-77b5d-content\/uploads\/2023\/06\/IMG_4223.png 4032w, https:\/\/feuerwehr-roettgen.de\/wp-77b5d-content\/uploads\/2023\/06\/IMG_4223-300x225.png 300w, https:\/\/feuerwehr-roettgen.de\/wp-77b5d-content\/uploads\/2023\/06\/IMG_4223-1024x768.png 1024w, https:\/\/feuerwehr-roettgen.de\/wp-77b5d-content\/uploads\/2023\/06\/IMG_4223-768x576.png 768w, https:\/\/feuerwehr-roettgen.de\/wp-77b5d-content\/uploads\/2023\/06\/IMG_4223-1536x1152.png 1536w, https:\/\/feuerwehr-roettgen.de\/wp-77b5d-content\/uploads\/2023\/06\/IMG_4223-2048x1536.png 2048w\" sizes=\"(max-width: 4032px) 100vw, 4032px\" \/>\t\t\t\t\t<\/a>\n\t\t\t\t\t\t\t<\/div>\n\t\t\t\t\t\t<h4 class=\"uagb-post__title uagb-post__text\">\n\t\t\t\t<a href=\"https:\/\/feuerwehr-roettgen.de\/?p=3261\" target=\"_self\" rel=\"bookmark noopener noreferrer\">Tag der offenen Tore 2023<\/a>\n\t\t\t<\/h4>\n\t\t\t\t\t\t<div class='uagb-post__text uagb-post-grid-byline'>\n\t\t\t\t\t\t\t\t<time datetime=\"2023-06-05T13:51:53+02:00\" class=\"uagb-post__date\">\n\t\t\t\t<span class=\"dashicons-calendar dashicons\"><\/span>\t\t\t\t\t5. Juni 2023\t\t\t\t<\/time>\n\t\t\t\t\t\t<\/div>\n\t\t\t\t\t\t\t<div class='uagb-post__text uagb-post__excerpt'>\n\t\t\t\t\t<p>Der &#8222;Tag der offenen Tore 2023&#8220; fand bei bestem Wetter statt und hatte eine tolle Resonanz. H\u00fcpfburg, Reibekuchen und Feuerwehrausstellung&#8230;\t\t\t\t<\/div>\n\t\t\t\t\t\t<div class=\"uagb-post__text uagb-post__cta wp-block-button\">\n\t\t\t\t<a class=\"wp-block-button__link uagb-text-link\" style=\"\" href=\"https:\/\/feuerwehr-roettgen.de\/?p=3261\" target=\"_self\" rel=\"bookmark noopener noreferrer\">Weiterlesen<\/a>\n\t\t\t<\/div>\n\t\t\t\n\t\t\t\t\t\t\t\t\t<\/article>\n\t\t\t\t\t\t\t\t\t\t\t\t\t\t\t\t<article class=\"uagb-post__inner-wrap\">\t\t\t\t\t\t\t\t<div class='uagb-post__image'>\n\t\t\t\t\t\t\t\t\t<a href=\"https:\/\/feuerwehr-roettgen.de\/?p=3257\" target=\"_self\" rel=\"bookmark noopener noreferrer\" class='uagb-image-ratio-inherit'><img loading=\"lazy\" decoding=\"async\" width=\"2560\" height=\"1340\" src=\"https:\/\/feuerwehr-roettgen.de\/wp-77b5d-content\/uploads\/2023\/05\/tdot-2023-scaled.jpg\" class=\"attachment-full size-full\" alt=\"\" srcset=\"https:\/\/feuerwehr-roettgen.de\/wp-77b5d-content\/uploads\/2023\/05\/tdot-2023-scaled.jpg 2560w, https:\/\/feuerwehr-roettgen.de\/wp-77b5d-content\/uploads\/2023\/05\/tdot-2023-300x157.jpg 300w, https:\/\/feuerwehr-roettgen.de\/wp-77b5d-content\/uploads\/2023\/05\/tdot-2023-1024x536.jpg 1024w, https:\/\/feuerwehr-roettgen.de\/wp-77b5d-content\/uploads\/2023\/05\/tdot-2023-768x402.jpg 768w, https:\/\/feuerwehr-roettgen.de\/wp-77b5d-content\/uploads\/2023\/05\/tdot-2023-1536x804.jpg 1536w, https:\/\/feuerwehr-roettgen.de\/wp-77b5d-content\/uploads\/2023\/05\/tdot-2023-2048x1072.jpg 2048w\" sizes=\"(max-width: 2560px) 100vw, 2560px\" \/>\t\t\t\t\t<\/a>\n\t\t\t\t\t\t\t<\/div>\n\t\t\t\t\t\t<h4 class=\"uagb-post__title uagb-post__text\">\n\t\t\t\t<a href=\"https:\/\/feuerwehr-roettgen.de\/?p=3257\" target=\"_self\" rel=\"bookmark noopener noreferrer\">Tag der offenen Tore am 4. Juni 2023<\/a>\n\t\t\t<\/h4>\n\t\t\t\t\t\t<div class='uagb-post__text uagb-post-grid-byline'>\n\t\t\t\t\t\t\t\t<time datetime=\"2023-05-19T16:28:30+02:00\" class=\"uagb-post__date\">\n\t\t\t\t<span class=\"dashicons-calendar dashicons\"><\/span>\t\t\t\t\t19. Mai 2023\t\t\t\t<\/time>\n\t\t\t\t\t\t<\/div>\n\t\t\t\t\t\t\t<div class='uagb-post__text uagb-post__excerpt'>\n\t\t\t\t\t<p>Bald ist es wieder soweit &#8211; der &#8222;Tag der offenen Tore&#8220; bei der Feuerwehr in R\u00f6ttgen naht. Am 4. Juni&#8230;\t\t\t\t<\/div>\n\t\t\t\t\t\t<div class=\"uagb-post__text uagb-post__cta wp-block-button\">\n\t\t\t\t<a class=\"wp-block-button__link uagb-text-link\" style=\"\" href=\"https:\/\/feuerwehr-roettgen.de\/?p=3257\" target=\"_self\" rel=\"bookmark noopener noreferrer\">Weiterlesen<\/a>\n\t\t\t<\/div>\n\t\t\t\n\t\t\t\t\t\t\t\t\t<\/article>\n\t\t\t\t\t\t\t\t\t\t\t\t\t\t\t\t<article class=\"uagb-post__inner-wrap\">\t\t\t\t\t\t\t\t<h4 class=\"uagb-post__title uagb-post__text\">\n\t\t\t\t<a href=\"https:\/\/feuerwehr-roettgen.de\/?p=3248\" target=\"_self\" rel=\"bookmark noopener noreferrer\">Aus dem \u00dcbungsdienst: Technische Hilfe<\/a>\n\t\t\t<\/h4>\n\t\t\t\t\t\t<div class='uagb-post__text uagb-post-grid-byline'>\n\t\t\t\t\t\t\t\t<time datetime=\"2023-04-24T15:48:38+02:00\" class=\"uagb-post__date\">\n\t\t\t\t<span class=\"dashicons-calendar dashicons\"><\/span>\t\t\t\t\t24. April 2023\t\t\t\t<\/time>\n\t\t\t\t\t\t<\/div>\n\t\t\t\t\t\t\t<div class='uagb-post__text uagb-post__excerpt'>\n\t\t\t\t\t<p>Tragen 16 Plastikbecher ein Auto? Wir haben es versucht &#8211; bei unserem letzten \u00dcbungsdienst. Um den Umgang mit unserem R\u00fcstsatz&#8230;\t\t\t\t<\/div>\n\t\t\t\t\t\t<div class=\"uagb-post__text uagb-post__cta wp-block-button\">\n\t\t\t\t<a class=\"wp-block-button__link uagb-text-link\" style=\"\" href=\"https:\/\/feuerwehr-roettgen.de\/?p=3248\" target=\"_self\" rel=\"bookmark noopener noreferrer\">Weiterlesen<\/a>\n\t\t\t<\/div>\n\t\t\t\n\t\t\t\t\t\t\t\t\t<\/article>\n\t\t\t\t\t\t\t\t\t\t\t\t\t\t\t\t<article class=\"uagb-post__inner-wrap\">\t\t\t\t\t\t\t\t<div class='uagb-post__image'>\n\t\t\t\t\t\t\t\t\t<a href=\"https:\/\/feuerwehr-roettgen.de\/?p=3229\" target=\"_self\" rel=\"bookmark noopener noreferrer\" class='uagb-image-ratio-inherit'><img loading=\"lazy\" decoding=\"async\" width=\"1920\" height=\"1280\" src=\"https:\/\/feuerwehr-roettgen.de\/wp-77b5d-content\/uploads\/2023\/04\/fotosession2019-1920px-6657.jpg\" class=\"attachment-full size-full\" alt=\"\" srcset=\"https:\/\/feuerwehr-roettgen.de\/wp-77b5d-content\/uploads\/2023\/04\/fotosession2019-1920px-6657.jpg 1920w, https:\/\/feuerwehr-roettgen.de\/wp-77b5d-content\/uploads\/2023\/04\/fotosession2019-1920px-6657-300x200.jpg 300w, https:\/\/feuerwehr-roettgen.de\/wp-77b5d-content\/uploads\/2023\/04\/fotosession2019-1920px-6657-1024x683.jpg 1024w, https:\/\/feuerwehr-roettgen.de\/wp-77b5d-content\/uploads\/2023\/04\/fotosession2019-1920px-6657-768x512.jpg 768w, https:\/\/feuerwehr-roettgen.de\/wp-77b5d-content\/uploads\/2023\/04\/fotosession2019-1920px-6657-1536x1024.jpg 1536w\" sizes=\"(max-width: 1920px) 100vw, 1920px\" \/>\t\t\t\t\t<\/a>\n\t\t\t\t\t\t\t<\/div>\n\t\t\t\t\t\t<h4 class=\"uagb-post__title uagb-post__text\">\n\t\t\t\t<a href=\"https:\/\/feuerwehr-roettgen.de\/?p=3229\" target=\"_self\" rel=\"bookmark noopener noreferrer\">\u00dcbungsobjekte gesucht<\/a>\n\t\t\t<\/h4>\n\t\t\t\t\t\t<div class='uagb-post__text uagb-post-grid-byline'>\n\t\t\t\t\t\t\t\t<time datetime=\"2023-04-10T18:53:08+02:00\" class=\"uagb-post__date\">\n\t\t\t\t<span class=\"dashicons-calendar dashicons\"><\/span>\t\t\t\t\t10. April 2023\t\t\t\t<\/time>\n\t\t\t\t\t\t<\/div>\n\t\t\t\t\t\t\t<div class='uagb-post__text uagb-post__excerpt'>\n\t\t\t\t\t<p>Liebe R\u00f6ttgenerinnen und R\u00f6ttgener, fragt ihr euch manchmal, wie ihr uns als Feuerwehr helfen k\u00f6nnt? Es gibt eine M\u00f6glichkeit, uns&#8230;\t\t\t\t<\/div>\n\t\t\t\t\t\t<div class=\"uagb-post__text uagb-post__cta wp-block-button\">\n\t\t\t\t<a class=\"wp-block-button__link uagb-text-link\" style=\"\" href=\"https:\/\/feuerwehr-roettgen.de\/?p=3229\" target=\"_self\" rel=\"bookmark noopener noreferrer\">Weiterlesen<\/a>\n\t\t\t<\/div>\n\t\t\t\n\t\t\t\t\t\t\t\t\t<\/article>\n\t\t\t\t\t\t\t\t\t\t\t\t\t\t\t\t<article class=\"uagb-post__inner-wrap\">\t\t\t\t\t\t\t\t<div class='uagb-post__image'>\n\t\t\t\t\t\t\t\t\t<a href=\"https:\/\/feuerwehr-roettgen.de\/?p=3148\" target=\"_self\" rel=\"bookmark noopener noreferrer\" class='uagb-image-ratio-inherit'><img loading=\"lazy\" decoding=\"async\" width=\"1200\" height=\"1600\" src=\"https:\/\/feuerwehr-roettgen.de\/wp-77b5d-content\/uploads\/2021\/06\/saugschlauch-1-index.jpg\" class=\"attachment-full size-full\" alt=\"\" srcset=\"https:\/\/feuerwehr-roettgen.de\/wp-77b5d-content\/uploads\/2021\/06\/saugschlauch-1-index.jpg 1200w, https:\/\/feuerwehr-roettgen.de\/wp-77b5d-content\/uploads\/2021\/06\/saugschlauch-1-index-225x300.jpg 225w, https:\/\/feuerwehr-roettgen.de\/wp-77b5d-content\/uploads\/2021\/06\/saugschlauch-1-index-768x1024.jpg 768w, https:\/\/feuerwehr-roettgen.de\/wp-77b5d-content\/uploads\/2021\/06\/saugschlauch-1-index-1152x1536.jpg 1152w\" sizes=\"(max-width: 1200px) 100vw, 1200px\" \/>\t\t\t\t\t<\/a>\n\t\t\t\t\t\t\t<\/div>\n\t\t\t\t\t\t<h4 class=\"uagb-post__title uagb-post__text\">\n\t\t\t\t<a href=\"https:\/\/feuerwehr-roettgen.de\/?p=3148\" target=\"_self\" rel=\"bookmark noopener noreferrer\">\u00dcbungsdienst: Wasserentnahme offenes Gew\u00e4sser<\/a>\n\t\t\t<\/h4>\n\t\t\t\t\t\t<div class='uagb-post__text uagb-post-grid-byline'>\n\t\t\t\t\t\t\t\t<time datetime=\"2021-06-21T13:03:27+02:00\" class=\"uagb-post__date\">\n\t\t\t\t<span class=\"dashicons-calendar dashicons\"><\/span>\t\t\t\t\t21. Juni 2021\t\t\t\t<\/time>\n\t\t\t\t\t\t<\/div>\n\t\t\t\t\t\t\t<div class='uagb-post__text uagb-post__excerpt'>\n\t\t\t\t\t<p>Wo kriegt die Feuerwehr das Wasser her, wenn kein Hydrant in der N\u00e4he ist? Auf offenen Gew\u00e4ssern &#8211; via Saugschlauch&#8230;.\t\t\t\t<\/div>\n\t\t\t\t\t\t<div class=\"uagb-post__text uagb-post__cta wp-block-button\">\n\t\t\t\t<a class=\"wp-block-button__link uagb-text-link\" style=\"\" href=\"https:\/\/feuerwehr-roettgen.de\/?p=3148\" target=\"_self\" rel=\"bookmark noopener noreferrer\">Weiterlesen<\/a>\n\t\t\t<\/div>\n\t\t\t\n\t\t\t\t\t\t\t\t\t<\/article>\n\t\t\t\t\t\t\t\t\t\t\t\t\t\t\t\t<article class=\"uagb-post__inner-wrap\">\t\t\t\t\t\t\t\t<div class='uagb-post__image'>\n\t\t\t\t\t\t\t\t\t<a href=\"https:\/\/feuerwehr-roettgen.de\/?p=3140\" target=\"_self\" rel=\"bookmark noopener noreferrer\" class='uagb-image-ratio-inherit'><img loading=\"lazy\" decoding=\"async\" width=\"1200\" height=\"1600\" src=\"https:\/\/feuerwehr-roettgen.de\/wp-77b5d-content\/uploads\/2021\/05\/WhatsApp-Image-2021-05-22-at-14.32.52.jpeg\" class=\"attachment-full size-full\" alt=\"\" srcset=\"https:\/\/feuerwehr-roettgen.de\/wp-77b5d-content\/uploads\/2021\/05\/WhatsApp-Image-2021-05-22-at-14.32.52.jpeg 1200w, https:\/\/feuerwehr-roettgen.de\/wp-77b5d-content\/uploads\/2021\/05\/WhatsApp-Image-2021-05-22-at-14.32.52-225x300.jpeg 225w, https:\/\/feuerwehr-roettgen.de\/wp-77b5d-content\/uploads\/2021\/05\/WhatsApp-Image-2021-05-22-at-14.32.52-768x1024.jpeg 768w, https:\/\/feuerwehr-roettgen.de\/wp-77b5d-content\/uploads\/2021\/05\/WhatsApp-Image-2021-05-22-at-14.32.52-1152x1536.jpeg 1152w\" sizes=\"(max-width: 1200px) 100vw, 1200px\" \/>\t\t\t\t\t<\/a>\n\t\t\t\t\t\t\t<\/div>\n\t\t\t\t\t\t<h4 class=\"uagb-post__title uagb-post__text\">\n\t\t\t\t<a href=\"https:\/\/feuerwehr-roettgen.de\/?p=3140\" target=\"_self\" rel=\"bookmark noopener noreferrer\">Atemschutz und Funk<\/a>\n\t\t\t<\/h4>\n\t\t\t\t\t\t<div class='uagb-post__text uagb-post-grid-byline'>\n\t\t\t\t\t\t\t\t<time datetime=\"2021-05-28T09:56:59+02:00\" class=\"uagb-post__date\">\n\t\t\t\t<span class=\"dashicons-calendar dashicons\"><\/span>\t\t\t\t\t28. Mai 2021\t\t\t\t<\/time>\n\t\t\t\t\t\t<\/div>\n\t\t\t\t\t\t\t<div class='uagb-post__text uagb-post__excerpt'>\n\t\t\t\t\t<p>Funk und Atemschutz standen im Zentrum unserer letzten \u00dcbung. Beides sind elementare Fertigkeiten im Feuerwehreinsatz. Dabei ging es insbesondere auch&#8230;\t\t\t\t<\/div>\n\t\t\t\t\t\t<div class=\"uagb-post__text uagb-post__cta wp-block-button\">\n\t\t\t\t<a class=\"wp-block-button__link uagb-text-link\" style=\"\" href=\"https:\/\/feuerwehr-roettgen.de\/?p=3140\" target=\"_self\" rel=\"bookmark noopener noreferrer\">Weiterlesen<\/a>\n\t\t\t<\/div>\n\t\t\t\n\t\t\t\t\t\t\t\t\t<\/article>\n\t\t\t\t\t\t\t\t\t\t\t<\/div>\n\t\t\t\n\n\n<div style=\"height:50px\" aria-hidden=\"true\" class=\"wp-block-spacer\"><\/div>\n\n\n\n<p><\/p>\n<\/div><\/section>\n\n\n\n<div style=\"height:50px\" aria-hidden=\"true\" class=\"wp-block-spacer\"><\/div>\n","protected":false},"excerpt":{"rendered":"","protected":false},"author":7,"featured_media":0,"parent":0,"menu_order":0,"comment_status":"closed","ping_status":"closed","template":"","meta":{"_acf_changed":false,"_uag_custom_page_level_css":"","site-sidebar-layout":"no-sidebar","site-content-layout":"page-builder","ast-site-content-layout":"default","site-content-style":"default","site-sidebar-style":"default","ast-global-header-display":"","ast-banner-title-visibility":"","ast-main-header-display":"","ast-hfb-above-header-display":"","ast-hfb-below-header-display":"","ast-hfb-mobile-header-display":"","site-post-title":"disabled","ast-breadcrumbs-content":"","ast-featured-img":"","footer-sml-layout":"","ast-disable-related-posts":"","theme-transparent-header-meta":"enabled","adv-header-id-meta":"","stick-header-meta":"","header-above-stick-meta":"","header-main-stick-meta":"","header-below-stick-meta":"","astra-migrate-meta-layouts":"default","ast-page-background-enabled":"default","ast-page-background-meta":{"desktop":{"background-color":"","background-image":"","background-repeat":"repeat","background-position":"center center","background-size":"auto","background-attachment":"scroll","background-type":"","background-media":"","overlay-type":"","overlay-color":"","overlay-opacity":"","overlay-gradient":""},"tablet":{"background-color":"","background-image":"","background-repeat":"repeat","background-position":"center center","background-size":"auto","background-attachment":"scroll","background-type":"","background-media":"","overlay-type":"","overlay-color":"","overlay-opacity":"","overlay-gradient":""},"mobile":{"background-color":"","background-image":"","background-repeat":"repeat","background-position":"center center","background-size":"auto","background-attachment":"scroll","background-type":"","background-media":"","overlay-type":"","overlay-color":"","overlay-opacity":"","overlay-gradient":""}},"ast-content-background-meta":{"desktop":{"background-color":"var(--ast-global-color-5)","background-image":"","background-repeat":"repeat","background-position":"center center","background-size":"auto","background-attachment":"scroll","background-type":"","background-media":"","overlay-type":"","overlay-color":"","overlay-opacity":"","overlay-gradient":""},"tablet":{"background-color":"var(--ast-global-color-5)","background-image":"","background-repeat":"repeat","background-position":"center center","background-size":"auto","background-attachment":"scroll","background-type":"","background-media":"","overlay-type":"","overlay-color":"","overlay-opacity":"","overlay-gradient":""},"mobile":{"background-color":"var(--ast-global-color-5)","background-image":"","background-repeat":"repeat","background-position":"center center","background-size":"auto","background-attachment":"scroll","background-type":"","background-media":"","overlay-type":"","overlay-color":"","overlay-opacity":"","overlay-gradient":""}},"ngg_post_thumbnail":0,"footnotes":""},"class_list":["post-2157","page","type-page","status-publish","hentry"],"acf":[],"uagb_featured_image_src":{"full":false,"thumbnail":false,"medium":false,"medium_large":false,"large":false,"1536x1536":false,"2048x2048":false},"uagb_author_info":{"display_name":"Sebastian Scherrer","author_link":"https:\/\/feuerwehr-roettgen.de\/?author=7"},"uagb_comment_info":0,"uagb_excerpt":null,"_links":{"self":[{"href":"https:\/\/feuerwehr-roettgen.de\/index.php?rest_route=\/wp\/v2\/pages\/2157","targetHints":{"allow":["GET"]}}],"collection":[{"href":"https:\/\/feuerwehr-roettgen.de\/index.php?rest_route=\/wp\/v2\/pages"}],"about":[{"href":"https:\/\/feuerwehr-roettgen.de\/index.php?rest_route=\/wp\/v2\/types\/page"}],"author":[{"embeddable":true,"href":"https:\/\/feuerwehr-roettgen.de\/index.php?rest_route=\/wp\/v2\/users\/7"}],"replies":[{"embeddable":true,"href":"https:\/\/feuerwehr-roettgen.de\/index.php?rest_route=%2Fwp%2Fv2%2Fcomments&post=2157"}],"version-history":[{"count":22,"href":"https:\/\/feuerwehr-roettgen.de\/index.php?rest_route=\/wp\/v2\/pages\/2157\/revisions"}],"predecessor-version":[{"id":2774,"href":"https:\/\/feuerwehr-roettgen.de\/index.php?rest_route=\/wp\/v2\/pages\/2157\/revisions\/2774"}],"wp:attachment":[{"href":"https:\/\/feuerwehr-roettgen.de\/index.php?rest_route=%2Fwp%2Fv2%2Fmedia&parent=2157"}],"curies":[{"name":"wp","href":"https:\/\/api.w.org\/{rel}","templated":true}]}}