{"id":2466,"date":"2019-04-15T11:18:10","date_gmt":"2019-04-15T09:18:10","guid":{"rendered":"https:\/\/feuerwehr-roettgen.de\/?page_id=2466"},"modified":"2019-05-22T21:36:04","modified_gmt":"2019-05-22T19:36:04","slug":"iuk","status":"publish","type":"page","link":"https:\/\/feuerwehr-roettgen.de\/?page_id=2466","title":{"rendered":"IUK"},"content":{"rendered":"\t\t<div data-elementor-type=\"wp-post\" data-elementor-id=\"2466\" class=\"elementor elementor-2466\" data-elementor-post-type=\"page\">\n\t\t\t\t\t\t<section class=\"elementor-section elementor-top-section elementor-element elementor-element-8e491de elementor-section-content-middle elementor-section-boxed elementor-section-height-default elementor-section-height-default\" data-id=\"8e491de\" data-element_type=\"section\" data-e-type=\"section\" data-settings=\"{&quot;background_background&quot;:&quot;classic&quot;}\">\n\t\t\t\t\t\t\t<div class=\"elementor-background-overlay\"><\/div>\n\t\t\t\t\t\t\t<div class=\"elementor-container elementor-column-gap-no\">\n\t\t\t\t\t<div class=\"elementor-column elementor-col-100 elementor-top-column elementor-element elementor-element-fb027eb\" data-id=\"fb027eb\" data-element_type=\"column\" data-e-type=\"column\">\n\t\t\t<div class=\"elementor-widget-wrap elementor-element-populated\">\n\t\t\t\t\t\t<div class=\"elementor-element elementor-element-02d282c elementor-widget elementor-widget-heading\" data-id=\"02d282c\" data-element_type=\"widget\" data-e-type=\"widget\" data-widget_type=\"heading.default\">\n\t\t\t\t<div class=\"elementor-widget-container\">\n\t\t\t\t\t<h1 class=\"elementor-heading-title elementor-size-default\">INFORMATION UND KOMMUNIKATION<\/h1>\t\t\t\t<\/div>\n\t\t\t\t<\/div>\n\t\t\t\t\t<\/div>\n\t\t<\/div>\n\t\t\t\t\t<\/div>\n\t\t<\/section>\n\t\t\t\t<section class=\"elementor-section elementor-top-section elementor-element elementor-element-0e7d3fa elementor-section-boxed elementor-section-height-default elementor-section-height-default\" data-id=\"0e7d3fa\" data-element_type=\"section\" data-e-type=\"section\">\n\t\t\t\t\t\t<div class=\"elementor-container elementor-column-gap-default\">\n\t\t\t\t\t<div class=\"elementor-column elementor-col-100 elementor-top-column elementor-element elementor-element-a9a2a6d\" data-id=\"a9a2a6d\" data-element_type=\"column\" data-e-type=\"column\">\n\t\t\t<div class=\"elementor-widget-wrap elementor-element-populated\">\n\t\t\t\t\t\t<div class=\"elementor-element elementor-element-5708e5f elementor-widget elementor-widget-spacer\" data-id=\"5708e5f\" data-element_type=\"widget\" data-e-type=\"widget\" data-widget_type=\"spacer.default\">\n\t\t\t\t<div class=\"elementor-widget-container\">\n\t\t\t\t\t\t\t<div class=\"elementor-spacer\">\n\t\t\t<div class=\"elementor-spacer-inner\"><\/div>\n\t\t<\/div>\n\t\t\t\t\t\t<\/div>\n\t\t\t\t<\/div>\n\t\t\t\t<div class=\"elementor-element elementor-element-b292152 elementor-widget elementor-widget-heading\" data-id=\"b292152\" data-element_type=\"widget\" data-e-type=\"widget\" data-widget_type=\"heading.default\">\n\t\t\t\t<div class=\"elementor-widget-container\">\n\t\t\t\t\t<h2 class=\"elementor-heading-title elementor-size-default\">Feuerwehr R\u00f6ttgen: Immer in Verbindung<\/h2>\t\t\t\t<\/div>\n\t\t\t\t<\/div>\n\t\t\t\t<div class=\"elementor-element elementor-element-1d7bf81 elementor-widget elementor-widget-text-editor\" data-id=\"1d7bf81\" data-element_type=\"widget\" data-e-type=\"widget\" data-widget_type=\"text-editor.default\">\n\t\t\t\t<div class=\"elementor-widget-container\">\n\t\t\t\t\t\t\t\t\t<p>Die freiwilligen Feuerwehren der Stadt Bonn bringen zus\u00e4tzliche Spezialfertigkeiten ein. F\u00fcr die L\u00f6scheinheit 44 ist dies der &#8222;Information- und Kommunikationsdienst&#8220;, welcher f\u00fcr den reibungslosen Ablauf gr\u00f6\u00dferer Eins\u00e4tze besonders wichtig ist.<\/p>\t\t\t\t\t\t\t\t<\/div>\n\t\t\t\t<\/div>\n\t\t\t\t\t<\/div>\n\t\t<\/div>\n\t\t\t\t\t<\/div>\n\t\t<\/section>\n\t\t\t\t<section class=\"elementor-section elementor-top-section elementor-element elementor-element-deacf28 elementor-section-content-top elementor-section-boxed elementor-section-height-default elementor-section-height-default\" data-id=\"deacf28\" data-element_type=\"section\" data-e-type=\"section\" data-settings=\"{&quot;background_background&quot;:&quot;classic&quot;}\">\n\t\t\t\t\t\t<div class=\"elementor-container elementor-column-gap-no\">\n\t\t\t\t\t<div class=\"elementor-column elementor-col-50 elementor-top-column elementor-element elementor-element-532b1a3\" data-id=\"532b1a3\" data-element_type=\"column\" data-e-type=\"column\">\n\t\t\t<div class=\"elementor-widget-wrap elementor-element-populated\">\n\t\t\t\t\t\t<div class=\"elementor-element elementor-element-e93eb66 elementor-widget elementor-widget-image\" data-id=\"e93eb66\" data-element_type=\"widget\" data-e-type=\"widget\" data-widget_type=\"image.default\">\n\t\t\t\t<div class=\"elementor-widget-container\">\n\t\t\t\t\t\t\t\t\t\t\t\t\t\t\t<img fetchpriority=\"high\" decoding=\"async\" width=\"1920\" height=\"1280\" src=\"https:\/\/feuerwehr-roettgen.de\/wp-77b5d-content\/uploads\/2019\/05\/iuk-mai-1920px-6836.jpg\" class=\"attachment-full size-full wp-image-2827\" alt=\"\" srcset=\"https:\/\/feuerwehr-roettgen.de\/wp-77b5d-content\/uploads\/2019\/05\/iuk-mai-1920px-6836.jpg 1920w, https:\/\/feuerwehr-roettgen.de\/wp-77b5d-content\/uploads\/2019\/05\/iuk-mai-1920px-6836-300x200.jpg 300w, https:\/\/feuerwehr-roettgen.de\/wp-77b5d-content\/uploads\/2019\/05\/iuk-mai-1920px-6836-768x512.jpg 768w, https:\/\/feuerwehr-roettgen.de\/wp-77b5d-content\/uploads\/2019\/05\/iuk-mai-1920px-6836-1024x683.jpg 1024w\" sizes=\"(max-width: 1920px) 100vw, 1920px\" \/>\t\t\t\t\t\t\t\t\t\t\t\t\t\t\t<\/div>\n\t\t\t\t<\/div>\n\t\t\t\t<div class=\"elementor-element elementor-element-7a6f049 elementor-widget elementor-widget-heading\" data-id=\"7a6f049\" data-element_type=\"widget\" data-e-type=\"widget\" data-widget_type=\"heading.default\">\n\t\t\t\t<div class=\"elementor-widget-container\">\n\t\t\t\t\t<h4 class=\"elementor-heading-title elementor-size-default\">Was IST IUK?<\/h4>\t\t\t\t<\/div>\n\t\t\t\t<\/div>\n\t\t\t\t<div class=\"elementor-element elementor-element-cce07c5 elementor-widget elementor-widget-text-editor\" data-id=\"cce07c5\" data-element_type=\"widget\" data-e-type=\"widget\" data-widget_type=\"text-editor.default\">\n\t\t\t\t<div class=\"elementor-widget-container\">\n\t\t\t\t\t\t\t\t\t<p>&#8222;IuK&#8220; steht f\u00fcr &#8222;Information- und Kommunikationsdienst&#8220;. Besonders bei gr\u00f6\u00dferen Einsatzlagen ist es entscheidend, dass die Rettungsarbeiten richtig geleitet und koordiniert werden. IuK-Feuerwehrleute unterst\u00fctzen die F\u00fchrungsebene bei der einsatztaktischen Stabsarbeit. Sie k\u00fcmmern sich um die Abwicklung des Funkverkehrs an der Einsatzstelle und betreiben das Lagezentrum vor Ort. Dieses befindet sich entweder in einem Einsatzleitwagen (ELW), oder einem speziellen Abrollbeh\u00e4lter, dem AB-TEL (Abrollbeh\u00e4lter Technische Einsatzleitung). Bei gr\u00f6\u00dferen Schadenslagen besetzen IuK-Feuerwehrleute auch die Leitstelle, damit die Feuerwehr ein erh\u00f6htes Notrufaufkommen abarbeiten kann.<\/p>\t\t\t\t\t\t\t\t<\/div>\n\t\t\t\t<\/div>\n\t\t\t\t\t<\/div>\n\t\t<\/div>\n\t\t\t\t<div class=\"elementor-column elementor-col-50 elementor-top-column elementor-element elementor-element-783a841\" data-id=\"783a841\" data-element_type=\"column\" data-e-type=\"column\">\n\t\t\t<div class=\"elementor-widget-wrap elementor-element-populated\">\n\t\t\t\t\t\t<div class=\"elementor-element elementor-element-53cb08a elementor-widget elementor-widget-image\" data-id=\"53cb08a\" data-element_type=\"widget\" data-e-type=\"widget\" data-widget_type=\"image.default\">\n\t\t\t\t<div class=\"elementor-widget-container\">\n\t\t\t\t\t\t\t\t\t\t\t\t\t\t\t<img decoding=\"async\" src=\"https:\/\/feuerwehr-roettgen.de\/wp-77b5d-content\/uploads\/2019\/05\/iuk-mai-1920px-6866.jpg\" title=\"iuk-mai-1920px-6866\" alt=\"iuk-mai-1920px-6866\" loading=\"lazy\" \/>\t\t\t\t\t\t\t\t\t\t\t\t\t\t\t<\/div>\n\t\t\t\t<\/div>\n\t\t\t\t<div class=\"elementor-element elementor-element-b62975c elementor-widget elementor-widget-image\" data-id=\"b62975c\" data-element_type=\"widget\" data-e-type=\"widget\" data-widget_type=\"image.default\">\n\t\t\t\t<div class=\"elementor-widget-container\">\n\t\t\t\t\t\t\t\t\t\t\t\t\t\t\t<img decoding=\"async\" width=\"1024\" height=\"683\" src=\"https:\/\/feuerwehr-roettgen.de\/wp-77b5d-content\/uploads\/2019\/05\/iuk-mai-1920px-6967-1024x683.jpg\" class=\"attachment-large size-large wp-image-2831\" alt=\"\" srcset=\"https:\/\/feuerwehr-roettgen.de\/wp-77b5d-content\/uploads\/2019\/05\/iuk-mai-1920px-6967-1024x683.jpg 1024w, https:\/\/feuerwehr-roettgen.de\/wp-77b5d-content\/uploads\/2019\/05\/iuk-mai-1920px-6967-300x200.jpg 300w, https:\/\/feuerwehr-roettgen.de\/wp-77b5d-content\/uploads\/2019\/05\/iuk-mai-1920px-6967-768x512.jpg 768w, https:\/\/feuerwehr-roettgen.de\/wp-77b5d-content\/uploads\/2019\/05\/iuk-mai-1920px-6967.jpg 1920w\" sizes=\"(max-width: 1024px) 100vw, 1024px\" \/>\t\t\t\t\t\t\t\t\t\t\t\t\t\t\t<\/div>\n\t\t\t\t<\/div>\n\t\t\t\t\t<\/div>\n\t\t<\/div>\n\t\t\t\t\t<\/div>\n\t\t<\/section>\n\t\t\t\t<section class=\"elementor-section elementor-top-section elementor-element elementor-element-c38d6b7 elementor-section-content-top elementor-section-boxed elementor-section-height-default elementor-section-height-default\" data-id=\"c38d6b7\" data-element_type=\"section\" data-e-type=\"section\" data-settings=\"{&quot;background_background&quot;:&quot;classic&quot;}\">\n\t\t\t\t\t\t<div class=\"elementor-container elementor-column-gap-no\">\n\t\t\t\t\t<div class=\"elementor-column elementor-col-100 elementor-top-column elementor-element elementor-element-f9e4bcc\" data-id=\"f9e4bcc\" data-element_type=\"column\" data-e-type=\"column\">\n\t\t\t<div class=\"elementor-widget-wrap elementor-element-populated\">\n\t\t\t\t\t\t<div class=\"elementor-element elementor-element-5c0e3ff elementor-widget elementor-widget-image\" data-id=\"5c0e3ff\" data-element_type=\"widget\" data-e-type=\"widget\" data-widget_type=\"image.default\">\n\t\t\t\t<div class=\"elementor-widget-container\">\n\t\t\t\t\t\t\t\t\t\t\t\t\t\t\t<img decoding=\"async\" width=\"1920\" height=\"1280\" src=\"https:\/\/feuerwehr-roettgen.de\/wp-77b5d-content\/uploads\/2019\/05\/fotosession2019-1920px-6750.jpg\" class=\"attachment-full size-full wp-image-2840\" alt=\"\" srcset=\"https:\/\/feuerwehr-roettgen.de\/wp-77b5d-content\/uploads\/2019\/05\/fotosession2019-1920px-6750.jpg 1920w, https:\/\/feuerwehr-roettgen.de\/wp-77b5d-content\/uploads\/2019\/05\/fotosession2019-1920px-6750-300x200.jpg 300w, https:\/\/feuerwehr-roettgen.de\/wp-77b5d-content\/uploads\/2019\/05\/fotosession2019-1920px-6750-768x512.jpg 768w, https:\/\/feuerwehr-roettgen.de\/wp-77b5d-content\/uploads\/2019\/05\/fotosession2019-1920px-6750-1024x683.jpg 1024w\" sizes=\"(max-width: 1920px) 100vw, 1920px\" \/>\t\t\t\t\t\t\t\t\t\t\t\t\t\t\t<\/div>\n\t\t\t\t<\/div>\n\t\t\t\t<div class=\"elementor-element elementor-element-5aa62df elementor-widget elementor-widget-heading\" data-id=\"5aa62df\" data-element_type=\"widget\" data-e-type=\"widget\" data-widget_type=\"heading.default\">\n\t\t\t\t<div class=\"elementor-widget-container\">\n\t\t\t\t\t<h4 class=\"elementor-heading-title elementor-size-default\">DIE IUK-GRUPPE<\/h4>\t\t\t\t<\/div>\n\t\t\t\t<\/div>\n\t\t\t\t<div class=\"elementor-element elementor-element-0fb0d36 elementor-widget elementor-widget-text-editor\" data-id=\"0fb0d36\" data-element_type=\"widget\" data-e-type=\"widget\" data-widget_type=\"text-editor.default\">\n\t\t\t\t<div class=\"elementor-widget-container\">\n\t\t\t\t\t\t\t\t\t<p>Zus\u00e4tzlich zur Grundausbildung, die jeder Feuerwehrangeh\u00f6rige erh\u00e4lt, sind IuK-Mitglieder speziell fortgebildet. Ihr Lehrgang befasst sich mit den vielf\u00e4ltigen Aufgaben, die ihnen im Einsatz begegnen k\u00f6nnen: von der Aufnahme von Notrufen und dem Schreiben von Einsatztageb\u00fcchern, bis hin zu einer vertiefenden Ausbildung im Bereich Funk. Und wenn die Technik streikt, beherrschen sie auch noch eine ganz besondere Schl\u00fcsselfertigkeit: das Verlegen von Feldkabeln. Damit die Verbindungen nicht abrei\u00dfen \u2013 egal, welche Lage sich vor Ort den Einsatzkr\u00e4ften darbietet.<\/p><p>In unserer L\u00f6scheinheit sind von 30 Feuerwehrleuten 13 speziell f\u00fcr die Aufgaben in der &#8222;Information und Kommunikation&#8220; ausgebildet.<\/p>\t\t\t\t\t\t\t\t<\/div>\n\t\t\t\t<\/div>\n\t\t\t\t\t<\/div>\n\t\t<\/div>\n\t\t\t\t\t<\/div>\n\t\t<\/section>\n\t\t\t\t<section class=\"elementor-section elementor-top-section elementor-element elementor-element-3697d171 elementor-section-boxed elementor-section-height-default elementor-section-height-default\" data-id=\"3697d171\" data-element_type=\"section\" data-e-type=\"section\" data-settings=\"{&quot;background_background&quot;:&quot;classic&quot;}\">\n\t\t\t\t\t\t<div class=\"elementor-container elementor-column-gap-default\">\n\t\t\t\t\t<div class=\"elementor-column elementor-col-25 elementor-top-column elementor-element elementor-element-52a6b6d\" data-id=\"52a6b6d\" data-element_type=\"column\" data-e-type=\"column\">\n\t\t\t<div class=\"elementor-widget-wrap elementor-element-populated\">\n\t\t\t\t\t\t<div class=\"elementor-element elementor-element-18210d8 elementor-view-default elementor-widget elementor-widget-icon\" data-id=\"18210d8\" data-element_type=\"widget\" data-e-type=\"widget\" data-widget_type=\"icon.default\">\n\t\t\t\t<div class=\"elementor-widget-container\">\n\t\t\t\t\t\t\t<div class=\"elementor-icon-wrapper\">\n\t\t\t<div class=\"elementor-icon\">\n\t\t\t\t\t\t\t<i class=\"fa fa-fire-extinguisher\" aria-hidden=\"true\"><\/i>\n\t\t\t\t\t\t<\/div>\n\t\t<\/div>\n\t\t\t\t\t\t<\/div>\n\t\t\t\t<\/div>\n\t\t\t\t\t<\/div>\n\t\t<\/div>\n\t\t\t\t<div class=\"elementor-column elementor-col-25 elementor-top-column elementor-element elementor-element-1f06b9f5\" data-id=\"1f06b9f5\" data-element_type=\"column\" data-e-type=\"column\">\n\t\t\t<div class=\"elementor-widget-wrap elementor-element-populated\">\n\t\t\t\t\t\t<div class=\"elementor-element elementor-element-880248f elementor-widget elementor-widget-heading\" data-id=\"880248f\" data-element_type=\"widget\" data-e-type=\"widget\" data-widget_type=\"heading.default\">\n\t\t\t\t<div class=\"elementor-widget-container\">\n\t\t\t\t\t<h3 class=\"elementor-heading-title elementor-size-default\">Ehrenamtlich als Feuerwehrmann\/-frau engagieren?<\/h3>\t\t\t\t<\/div>\n\t\t\t\t<\/div>\n\t\t\t\t\t<\/div>\n\t\t<\/div>\n\t\t\t\t<div class=\"elementor-column elementor-col-25 elementor-top-column elementor-element elementor-element-462a1741\" data-id=\"462a1741\" data-element_type=\"column\" data-e-type=\"column\">\n\t\t\t<div class=\"elementor-widget-wrap elementor-element-populated\">\n\t\t\t\t\t\t<div class=\"elementor-element elementor-element-39302541 elementor-align-center elementor-widget elementor-widget-button\" data-id=\"39302541\" data-element_type=\"widget\" data-e-type=\"widget\" data-widget_type=\"button.default\">\n\t\t\t\t<div class=\"elementor-widget-container\">\n\t\t\t\t\t\t\t\t\t<div class=\"elementor-button-wrapper\">\n\t\t\t\t\t<a class=\"elementor-button elementor-button-link elementor-size-sm\" href=\"#\">\n\t\t\t\t\t\t<span class=\"elementor-button-content-wrapper\">\n\t\t\t\t\t\t\t\t\t<span class=\"elementor-button-text\">MEHR ERFAHREN<\/span>\n\t\t\t\t\t<\/span>\n\t\t\t\t\t<\/a>\n\t\t\t\t<\/div>\n\t\t\t\t\t\t\t\t<\/div>\n\t\t\t\t<\/div>\n\t\t\t\t\t<\/div>\n\t\t<\/div>\n\t\t\t\t<div class=\"elementor-column elementor-col-25 elementor-top-column elementor-element elementor-element-1bdb1ef4\" data-id=\"1bdb1ef4\" data-element_type=\"column\" data-e-type=\"column\">\n\t\t\t<div class=\"elementor-widget-wrap\">\n\t\t\t\t\t\t\t<\/div>\n\t\t<\/div>\n\t\t\t\t\t<\/div>\n\t\t<\/section>\n\t\t\t\t<\/div>\n\t\t","protected":false},"excerpt":{"rendered":"<p>INFORMATION UND KOMMUNIKATION Feuerwehr R\u00f6ttgen: Immer in Verbindung Die freiwilligen Feuerwehren der Stadt Bonn bringen zus\u00e4tzliche Spezialfertigkeiten ein. F\u00fcr die L\u00f6scheinheit 44 ist dies der &#8222;Information- und Kommunikationsdienst&#8220;, welcher f\u00fcr den reibungslosen Ablauf gr\u00f6\u00dferer Eins\u00e4tze besonders wichtig ist. Was IST IUK? &#8222;IuK&#8220; steht f\u00fcr &#8222;Information- und Kommunikationsdienst&#8220;. Besonders bei gr\u00f6\u00dferen Einsatzlagen ist es entscheidend, dass [&hellip;]<\/p>\n","protected":false},"author":7,"featured_media":0,"parent":0,"menu_order":0,"comment_status":"closed","ping_status":"closed","template":"","meta":{"_acf_changed":false,"_uag_custom_page_level_css":"","site-sidebar-layout":"no-sidebar","site-content-layout":"page-builder","ast-site-content-layout":"default","site-content-style":"default","site-sidebar-style":"default","ast-global-header-display":"","ast-banner-title-visibility":"","ast-main-header-display":"","ast-hfb-above-header-display":"","ast-hfb-below-header-display":"","ast-hfb-mobile-header-display":"","site-post-title":"disabled","ast-breadcrumbs-content":"","ast-featured-img":"disabled","footer-sml-layout":"","ast-disable-related-posts":"","theme-transparent-header-meta":"enabled","adv-header-id-meta":"","stick-header-meta":"","header-above-stick-meta":"","header-main-stick-meta":"","header-below-stick-meta":"","astra-migrate-meta-layouts":"default","ast-page-background-enabled":"default","ast-page-background-meta":{"desktop":{"background-color":"","background-image":"","background-repeat":"repeat","background-position":"center center","background-size":"auto","background-attachment":"scroll","background-type":"","background-media":"","overlay-type":"","overlay-color":"","overlay-opacity":"","overlay-gradient":""},"tablet":{"background-color":"","background-image":"","background-repeat":"repeat","background-position":"center center","background-size":"auto","background-attachment":"scroll","background-type":"","background-media":"","overlay-type":"","overlay-color":"","overlay-opacity":"","overlay-gradient":""},"mobile":{"background-color":"","background-image":"","background-repeat":"repeat","background-position":"center center","background-size":"auto","background-attachment":"scroll","background-type":"","background-media":"","overlay-type":"","overlay-color":"","overlay-opacity":"","overlay-gradient":""}},"ast-content-background-meta":{"desktop":{"background-color":"var(--ast-global-color-5)","background-image":"","background-repeat":"repeat","background-position":"center center","background-size":"auto","background-attachment":"scroll","background-type":"","background-media":"","overlay-type":"","overlay-color":"","overlay-opacity":"","overlay-gradient":""},"tablet":{"background-color":"var(--ast-global-color-5)","background-image":"","background-repeat":"repeat","background-position":"center center","background-size":"auto","background-attachment":"scroll","background-type":"","background-media":"","overlay-type":"","overlay-color":"","overlay-opacity":"","overlay-gradient":""},"mobile":{"background-color":"var(--ast-global-color-5)","background-image":"","background-repeat":"repeat","background-position":"center center","background-size":"auto","background-attachment":"scroll","background-type":"","background-media":"","overlay-type":"","overlay-color":"","overlay-opacity":"","overlay-gradient":""}},"ngg_post_thumbnail":0,"footnotes":""},"class_list":["post-2466","page","type-page","status-publish","hentry"],"acf":[],"uagb_featured_image_src":{"full":false,"thumbnail":false,"medium":false,"medium_large":false,"large":false,"1536x1536":false,"2048x2048":false},"uagb_author_info":{"display_name":"Sebastian Scherrer","author_link":"https:\/\/feuerwehr-roettgen.de\/?author=7"},"uagb_comment_info":0,"uagb_excerpt":"INFORMATION UND KOMMUNIKATION Feuerwehr R\u00f6ttgen: Immer in Verbindung Die freiwilligen Feuerwehren der Stadt Bonn bringen zus\u00e4tzliche Spezialfertigkeiten ein. F\u00fcr die L\u00f6scheinheit 44 ist dies der &#8222;Information- und Kommunikationsdienst&#8220;, welcher f\u00fcr den reibungslosen Ablauf gr\u00f6\u00dferer Eins\u00e4tze besonders wichtig ist. Was IST IUK? &#8222;IuK&#8220; steht f\u00fcr &#8222;Information- und Kommunikationsdienst&#8220;. Besonders bei gr\u00f6\u00dferen Einsatzlagen ist es entscheidend, dass&hellip;","_links":{"self":[{"href":"https:\/\/feuerwehr-roettgen.de\/index.php?rest_route=\/wp\/v2\/pages\/2466","targetHints":{"allow":["GET"]}}],"collection":[{"href":"https:\/\/feuerwehr-roettgen.de\/index.php?rest_route=\/wp\/v2\/pages"}],"about":[{"href":"https:\/\/feuerwehr-roettgen.de\/index.php?rest_route=\/wp\/v2\/types\/page"}],"author":[{"embeddable":true,"href":"https:\/\/feuerwehr-roettgen.de\/index.php?rest_route=\/wp\/v2\/users\/7"}],"replies":[{"embeddable":true,"href":"https:\/\/feuerwehr-roettgen.de\/index.php?rest_route=%2Fwp%2Fv2%2Fcomments&post=2466"}],"version-history":[{"count":15,"href":"https:\/\/feuerwehr-roettgen.de\/index.php?rest_route=\/wp\/v2\/pages\/2466\/revisions"}],"predecessor-version":[{"id":2933,"href":"https:\/\/feuerwehr-roettgen.de\/index.php?rest_route=\/wp\/v2\/pages\/2466\/revisions\/2933"}],"wp:attachment":[{"href":"https:\/\/feuerwehr-roettgen.de\/index.php?rest_route=%2Fwp%2Fv2%2Fmedia&parent=2466"}],"curies":[{"name":"wp","href":"https:\/\/api.w.org\/{rel}","templated":true}]}}