{"id":2548,"date":"2019-04-15T17:34:28","date_gmt":"2019-04-15T15:34:28","guid":{"rendered":"https:\/\/feuerwehr-roettgen.de\/?page_id=2548"},"modified":"2019-05-22T21:10:04","modified_gmt":"2019-05-22T19:10:04","slug":"die-ehrenabteilung","status":"publish","type":"page","link":"https:\/\/feuerwehr-roettgen.de\/?page_id=2548","title":{"rendered":"DIE EHRENABTEILUNG"},"content":{"rendered":"\t\t<div data-elementor-type=\"wp-post\" data-elementor-id=\"2548\" class=\"elementor elementor-2548\" data-elementor-post-type=\"page\">\n\t\t\t\t\t\t<section class=\"elementor-section elementor-top-section elementor-element elementor-element-8e491de elementor-section-content-middle elementor-section-boxed elementor-section-height-default elementor-section-height-default\" data-id=\"8e491de\" data-element_type=\"section\" data-e-type=\"section\" data-settings=\"{&quot;background_background&quot;:&quot;classic&quot;}\">\n\t\t\t\t\t\t\t<div class=\"elementor-background-overlay\"><\/div>\n\t\t\t\t\t\t\t<div class=\"elementor-container elementor-column-gap-no\">\n\t\t\t\t\t<div class=\"elementor-column elementor-col-100 elementor-top-column elementor-element elementor-element-fb027eb\" data-id=\"fb027eb\" data-element_type=\"column\" data-e-type=\"column\">\n\t\t\t<div class=\"elementor-widget-wrap elementor-element-populated\">\n\t\t\t\t\t\t<div class=\"elementor-element elementor-element-02d282c elementor-widget elementor-widget-heading\" data-id=\"02d282c\" data-element_type=\"widget\" data-e-type=\"widget\" data-widget_type=\"heading.default\">\n\t\t\t\t<div class=\"elementor-widget-container\">\n\t\t\t\t\t<h1 class=\"elementor-heading-title elementor-size-default\">DIE EHRENABTEILUNG<\/h1>\t\t\t\t<\/div>\n\t\t\t\t<\/div>\n\t\t\t\t\t<\/div>\n\t\t<\/div>\n\t\t\t\t\t<\/div>\n\t\t<\/section>\n\t\t\t\t<section class=\"elementor-section elementor-top-section elementor-element elementor-element-2a1286f elementor-section-content-top elementor-section-boxed elementor-section-height-default elementor-section-height-default\" data-id=\"2a1286f\" data-element_type=\"section\" data-e-type=\"section\" data-settings=\"{&quot;background_background&quot;:&quot;classic&quot;}\">\n\t\t\t\t\t\t<div class=\"elementor-container elementor-column-gap-no\">\n\t\t\t\t\t<div class=\"elementor-column elementor-col-33 elementor-top-column elementor-element elementor-element-6e27141\" data-id=\"6e27141\" data-element_type=\"column\" data-e-type=\"column\">\n\t\t\t<div class=\"elementor-widget-wrap elementor-element-populated\">\n\t\t\t\t\t\t<div class=\"elementor-element elementor-element-e1d5277 elementor-widget elementor-widget-heading\" data-id=\"e1d5277\" data-element_type=\"widget\" data-e-type=\"widget\" data-widget_type=\"heading.default\">\n\t\t\t\t<div class=\"elementor-widget-container\">\n\t\t\t\t\t<h4 class=\"elementor-heading-title elementor-size-default\">Hans-Josef Fabritius<\/h4>\t\t\t\t<\/div>\n\t\t\t\t<\/div>\n\t\t\t\t<div class=\"elementor-element elementor-element-99f2b5e elementor-widget elementor-widget-text-editor\" data-id=\"99f2b5e\" data-element_type=\"widget\" data-e-type=\"widget\" data-widget_type=\"text-editor.default\">\n\t\t\t\t<div class=\"elementor-widget-container\">\n\t\t\t\t\t\t\t\t\t<p><strong>Hauptfeuerwehrmann<\/strong><\/p>\t\t\t\t\t\t\t\t<\/div>\n\t\t\t\t<\/div>\n\t\t\t\t<div class=\"elementor-element elementor-element-c51e2df elementor-widget elementor-widget-image\" data-id=\"c51e2df\" data-element_type=\"widget\" data-e-type=\"widget\" data-widget_type=\"image.default\">\n\t\t\t\t<div class=\"elementor-widget-container\">\n\t\t\t\t\t\t\t\t\t\t\t\t\t\t\t<img decoding=\"async\" width=\"300\" height=\"127\" src=\"https:\/\/feuerwehr-roettgen.de\/wp-77b5d-content\/uploads\/2019\/04\/hfm-Element-2-300x127.png\" class=\"attachment-medium size-medium wp-image-2359\" alt=\"\" srcset=\"https:\/\/feuerwehr-roettgen.de\/wp-77b5d-content\/uploads\/2019\/04\/hfm-Element-2-300x127.png 300w, https:\/\/feuerwehr-roettgen.de\/wp-77b5d-content\/uploads\/2019\/04\/hfm-Element-2.png 500w\" sizes=\"(max-width: 300px) 100vw, 300px\" \/>\t\t\t\t\t\t\t\t\t\t\t\t\t\t\t<\/div>\n\t\t\t\t<\/div>\n\t\t\t\t\t<\/div>\n\t\t<\/div>\n\t\t\t\t<div class=\"elementor-column elementor-col-33 elementor-top-column elementor-element elementor-element-d8a90fc\" data-id=\"d8a90fc\" data-element_type=\"column\" data-e-type=\"column\">\n\t\t\t<div class=\"elementor-widget-wrap elementor-element-populated\">\n\t\t\t\t\t\t<div class=\"elementor-element elementor-element-6b45ad1 elementor-widget elementor-widget-heading\" data-id=\"6b45ad1\" data-element_type=\"widget\" data-e-type=\"widget\" data-widget_type=\"heading.default\">\n\t\t\t\t<div class=\"elementor-widget-container\">\n\t\t\t\t\t<h4 class=\"elementor-heading-title elementor-size-default\">Paul Imhoff<\/h4>\t\t\t\t<\/div>\n\t\t\t\t<\/div>\n\t\t\t\t<div class=\"elementor-element elementor-element-e3f9b15 elementor-widget elementor-widget-text-editor\" data-id=\"e3f9b15\" data-element_type=\"widget\" data-e-type=\"widget\" data-widget_type=\"text-editor.default\">\n\t\t\t\t<div class=\"elementor-widget-container\">\n\t\t\t\t\t\t\t\t\t<h5>Oberfeuerwehrmann<\/h5>\t\t\t\t\t\t\t\t<\/div>\n\t\t\t\t<\/div>\n\t\t\t\t<div class=\"elementor-element elementor-element-fb279c1 elementor-widget elementor-widget-image\" data-id=\"fb279c1\" data-element_type=\"widget\" data-e-type=\"widget\" data-widget_type=\"image.default\">\n\t\t\t\t<div class=\"elementor-widget-container\">\n\t\t\t\t\t\t\t\t\t\t\t\t\t\t\t<img decoding=\"async\" width=\"300\" height=\"127\" src=\"https:\/\/feuerwehr-roettgen.de\/wp-77b5d-content\/uploads\/2019\/04\/ofm-Element-3-300x127.png\" class=\"attachment-medium size-medium wp-image-2358\" alt=\"\" srcset=\"https:\/\/feuerwehr-roettgen.de\/wp-77b5d-content\/uploads\/2019\/04\/ofm-Element-3-300x127.png 300w, https:\/\/feuerwehr-roettgen.de\/wp-77b5d-content\/uploads\/2019\/04\/ofm-Element-3.png 500w\" sizes=\"(max-width: 300px) 100vw, 300px\" \/>\t\t\t\t\t\t\t\t\t\t\t\t\t\t\t<\/div>\n\t\t\t\t<\/div>\n\t\t\t\t\t<\/div>\n\t\t<\/div>\n\t\t\t\t<div class=\"elementor-column elementor-col-33 elementor-top-column elementor-element elementor-element-3000711\" data-id=\"3000711\" data-element_type=\"column\" data-e-type=\"column\">\n\t\t\t<div class=\"elementor-widget-wrap elementor-element-populated\">\n\t\t\t\t\t\t<div class=\"elementor-element elementor-element-71b606b elementor-widget elementor-widget-heading\" data-id=\"71b606b\" data-element_type=\"widget\" data-e-type=\"widget\" data-widget_type=\"heading.default\">\n\t\t\t\t<div class=\"elementor-widget-container\">\n\t\t\t\t\t<h4 class=\"elementor-heading-title elementor-size-default\">Detlef Opas<\/h4>\t\t\t\t<\/div>\n\t\t\t\t<\/div>\n\t\t\t\t<div class=\"elementor-element elementor-element-9e873e4 elementor-widget elementor-widget-text-editor\" data-id=\"9e873e4\" data-element_type=\"widget\" data-e-type=\"widget\" data-widget_type=\"text-editor.default\">\n\t\t\t\t<div class=\"elementor-widget-container\">\n\t\t\t\t\t\t\t\t\t<h5>Oberbrandmeister<\/h5>\t\t\t\t\t\t\t\t<\/div>\n\t\t\t\t<\/div>\n\t\t\t\t<div class=\"elementor-element elementor-element-64c133e elementor-widget elementor-widget-image\" data-id=\"64c133e\" data-element_type=\"widget\" data-e-type=\"widget\" data-widget_type=\"image.default\">\n\t\t\t\t<div class=\"elementor-widget-container\">\n\t\t\t\t\t\t\t\t\t\t\t\t\t\t\t<img decoding=\"async\" width=\"300\" height=\"127\" src=\"https:\/\/feuerwehr-roettgen.de\/wp-77b5d-content\/uploads\/2019\/04\/obm-Element-1-300x127.png\" class=\"attachment-medium size-medium wp-image-2355\" alt=\"\" srcset=\"https:\/\/feuerwehr-roettgen.de\/wp-77b5d-content\/uploads\/2019\/04\/obm-Element-1-300x127.png 300w, https:\/\/feuerwehr-roettgen.de\/wp-77b5d-content\/uploads\/2019\/04\/obm-Element-1.png 500w\" sizes=\"(max-width: 300px) 100vw, 300px\" \/>\t\t\t\t\t\t\t\t\t\t\t\t\t\t\t<\/div>\n\t\t\t\t<\/div>\n\t\t\t\t\t<\/div>\n\t\t<\/div>\n\t\t\t\t\t<\/div>\n\t\t<\/section>\n\t\t\t\t<section class=\"elementor-section elementor-top-section elementor-element elementor-element-a329da0 elementor-section-content-top elementor-section-boxed elementor-section-height-default elementor-section-height-default\" data-id=\"a329da0\" data-element_type=\"section\" data-e-type=\"section\" data-settings=\"{&quot;background_background&quot;:&quot;classic&quot;}\">\n\t\t\t\t\t\t<div class=\"elementor-container elementor-column-gap-no\">\n\t\t\t\t\t<div class=\"elementor-column elementor-col-33 elementor-top-column elementor-element elementor-element-9e6de56\" data-id=\"9e6de56\" data-element_type=\"column\" data-e-type=\"column\">\n\t\t\t<div class=\"elementor-widget-wrap elementor-element-populated\">\n\t\t\t\t\t\t<div class=\"elementor-element elementor-element-d5867e4 elementor-widget elementor-widget-heading\" data-id=\"d5867e4\" data-element_type=\"widget\" data-e-type=\"widget\" data-widget_type=\"heading.default\">\n\t\t\t\t<div class=\"elementor-widget-container\">\n\t\t\t\t\t<h4 class=\"elementor-heading-title elementor-size-default\">Heinz schmitz<\/h4>\t\t\t\t<\/div>\n\t\t\t\t<\/div>\n\t\t\t\t<div class=\"elementor-element elementor-element-42c9372 elementor-widget elementor-widget-text-editor\" data-id=\"42c9372\" data-element_type=\"widget\" data-e-type=\"widget\" data-widget_type=\"text-editor.default\">\n\t\t\t\t<div class=\"elementor-widget-container\">\n\t\t\t\t\t\t\t\t\t<h5><span style=\"color: #000000;\">Oberfeuerwehrmann<\/span><\/h5>\t\t\t\t\t\t\t\t<\/div>\n\t\t\t\t<\/div>\n\t\t\t\t<div class=\"elementor-element elementor-element-3f8938f elementor-widget elementor-widget-image\" data-id=\"3f8938f\" data-element_type=\"widget\" data-e-type=\"widget\" data-widget_type=\"image.default\">\n\t\t\t\t<div class=\"elementor-widget-container\">\n\t\t\t\t\t\t\t\t\t\t\t\t\t\t\t<img decoding=\"async\" width=\"300\" height=\"127\" src=\"https:\/\/feuerwehr-roettgen.de\/wp-77b5d-content\/uploads\/2019\/04\/ofm-Element-3-300x127.png\" class=\"attachment-medium size-medium wp-image-2358\" alt=\"\" srcset=\"https:\/\/feuerwehr-roettgen.de\/wp-77b5d-content\/uploads\/2019\/04\/ofm-Element-3-300x127.png 300w, https:\/\/feuerwehr-roettgen.de\/wp-77b5d-content\/uploads\/2019\/04\/ofm-Element-3.png 500w\" sizes=\"(max-width: 300px) 100vw, 300px\" \/>\t\t\t\t\t\t\t\t\t\t\t\t\t\t\t<\/div>\n\t\t\t\t<\/div>\n\t\t\t\t\t<\/div>\n\t\t<\/div>\n\t\t\t\t<div class=\"elementor-column elementor-col-33 elementor-top-column elementor-element elementor-element-11934c4\" data-id=\"11934c4\" data-element_type=\"column\" data-e-type=\"column\">\n\t\t\t<div class=\"elementor-widget-wrap elementor-element-populated\">\n\t\t\t\t\t\t\t<\/div>\n\t\t<\/div>\n\t\t\t\t<div class=\"elementor-column elementor-col-33 elementor-top-column elementor-element elementor-element-5607748\" data-id=\"5607748\" data-element_type=\"column\" data-e-type=\"column\">\n\t\t\t<div class=\"elementor-widget-wrap elementor-element-populated\">\n\t\t\t\t\t\t\t<\/div>\n\t\t<\/div>\n\t\t\t\t\t<\/div>\n\t\t<\/section>\n\t\t\t\t<section class=\"elementor-section elementor-top-section elementor-element elementor-element-c38d6b7 elementor-section-content-top elementor-section-boxed elementor-section-height-default elementor-section-height-default\" data-id=\"c38d6b7\" data-element_type=\"section\" data-e-type=\"section\" data-settings=\"{&quot;background_background&quot;:&quot;classic&quot;}\">\n\t\t\t\t\t\t<div class=\"elementor-container elementor-column-gap-no\">\n\t\t\t\t\t<div class=\"elementor-column elementor-col-33 elementor-top-column elementor-element elementor-element-18dd7e8\" data-id=\"18dd7e8\" data-element_type=\"column\" data-e-type=\"column\">\n\t\t\t<div class=\"elementor-widget-wrap elementor-element-populated\">\n\t\t\t\t\t\t<div class=\"elementor-element elementor-element-1528cb8 elementor-widget elementor-widget-image\" data-id=\"1528cb8\" data-element_type=\"widget\" data-e-type=\"widget\" data-widget_type=\"image.default\">\n\t\t\t\t<div class=\"elementor-widget-container\">\n\t\t\t\t\t\t\t\t\t\t\t\t\t\t\t<img loading=\"lazy\" decoding=\"async\" width=\"1024\" height=\"683\" src=\"https:\/\/feuerwehr-roettgen.de\/wp-77b5d-content\/uploads\/2019\/05\/th2019-le44-1920px-213814-1024x683.jpg\" class=\"attachment-large size-large wp-image-2880\" alt=\"\" srcset=\"https:\/\/feuerwehr-roettgen.de\/wp-77b5d-content\/uploads\/2019\/05\/th2019-le44-1920px-213814-1024x683.jpg 1024w, https:\/\/feuerwehr-roettgen.de\/wp-77b5d-content\/uploads\/2019\/05\/th2019-le44-1920px-213814-300x200.jpg 300w, https:\/\/feuerwehr-roettgen.de\/wp-77b5d-content\/uploads\/2019\/05\/th2019-le44-1920px-213814-768x512.jpg 768w, https:\/\/feuerwehr-roettgen.de\/wp-77b5d-content\/uploads\/2019\/05\/th2019-le44-1920px-213814.jpg 1920w\" sizes=\"(max-width: 1024px) 100vw, 1024px\" \/>\t\t\t\t\t\t\t\t\t\t\t\t\t\t\t<\/div>\n\t\t\t\t<\/div>\n\t\t\t\t<div class=\"elementor-element elementor-element-946fbc1 elementor-widget elementor-widget-heading\" data-id=\"946fbc1\" data-element_type=\"widget\" data-e-type=\"widget\" data-widget_type=\"heading.default\">\n\t\t\t\t<div class=\"elementor-widget-container\">\n\t\t\t\t\t<h4 class=\"elementor-heading-title elementor-size-default\">AKTIVER DIENST<\/h4>\t\t\t\t<\/div>\n\t\t\t\t<\/div>\n\t\t\t\t<div class=\"elementor-element elementor-element-9f84255 elementor-widget elementor-widget-text-editor\" data-id=\"9f84255\" data-element_type=\"widget\" data-e-type=\"widget\" data-widget_type=\"text-editor.default\">\n\t\t\t\t<div class=\"elementor-widget-container\">\n\t\t\t\t\t\t\t\t\t<p>Die L\u00f6scheinheit R\u00f6ttgen besteht zur Zeit aus etwa 30 aktiven Feuerwehrm\u00e4nnern und -frauen. Sie alle wohnen im direkten Einzugsgebiet von R\u00f6ttgen und \u00dcckesdorf, um im Notfall schnell am Ger\u00e4tehaus sein zu k\u00f6nnen. <strong><a href=\"https:\/\/feuerwehr-roettgen.de\/?page_id=2312\">Mehr erfahren.<\/a><\/strong><\/p>\t\t\t\t\t\t\t\t<\/div>\n\t\t\t\t<\/div>\n\t\t\t\t\t<\/div>\n\t\t<\/div>\n\t\t\t\t<div class=\"elementor-column elementor-col-33 elementor-top-column elementor-element elementor-element-f9e4bcc\" data-id=\"f9e4bcc\" data-element_type=\"column\" data-e-type=\"column\">\n\t\t\t<div class=\"elementor-widget-wrap elementor-element-populated\">\n\t\t\t\t\t\t<div class=\"elementor-element elementor-element-5c0e3ff elementor-widget elementor-widget-image\" data-id=\"5c0e3ff\" data-element_type=\"widget\" data-e-type=\"widget\" data-widget_type=\"image.default\">\n\t\t\t\t<div class=\"elementor-widget-container\">\n\t\t\t\t\t\t\t\t\t\t\t\t\t\t\t<img loading=\"lazy\" decoding=\"async\" width=\"1920\" height=\"1280\" src=\"https:\/\/feuerwehr-roettgen.de\/wp-77b5d-content\/uploads\/2019\/05\/website-6386.jpg\" class=\"attachment-full size-full wp-image-2811\" alt=\"\" srcset=\"https:\/\/feuerwehr-roettgen.de\/wp-77b5d-content\/uploads\/2019\/05\/website-6386.jpg 1920w, https:\/\/feuerwehr-roettgen.de\/wp-77b5d-content\/uploads\/2019\/05\/website-6386-300x200.jpg 300w, https:\/\/feuerwehr-roettgen.de\/wp-77b5d-content\/uploads\/2019\/05\/website-6386-768x512.jpg 768w, https:\/\/feuerwehr-roettgen.de\/wp-77b5d-content\/uploads\/2019\/05\/website-6386-1024x683.jpg 1024w\" sizes=\"(max-width: 1920px) 100vw, 1920px\" \/>\t\t\t\t\t\t\t\t\t\t\t\t\t\t\t<\/div>\n\t\t\t\t<\/div>\n\t\t\t\t<div class=\"elementor-element elementor-element-5aa62df elementor-widget elementor-widget-heading\" data-id=\"5aa62df\" data-element_type=\"widget\" data-e-type=\"widget\" data-widget_type=\"heading.default\">\n\t\t\t\t<div class=\"elementor-widget-container\">\n\t\t\t\t\t<h4 class=\"elementor-heading-title elementor-size-default\">DIE JUGENDFEUERWEHR<\/h4>\t\t\t\t<\/div>\n\t\t\t\t<\/div>\n\t\t\t\t<div class=\"elementor-element elementor-element-0fb0d36 elementor-widget elementor-widget-text-editor\" data-id=\"0fb0d36\" data-element_type=\"widget\" data-e-type=\"widget\" data-widget_type=\"text-editor.default\">\n\t\t\t\t<div class=\"elementor-widget-container\">\n\t\t\t\t\t\t\t\t\t<p><span style=\"color: #000000;\">Die deutsche Jugendfeuerwehr ist seit \u00fcber 100 Jahren ein wichtiger Bestandteil der Freiwilligen Feuerwehren. Mitmachen k\u00f6nnen Jungen und M\u00e4dchen ab 10 Jahren. Es erwarten sie viele Aktivit\u00e4ten und jede Menge Spa\u00df. <a href=\"https:\/\/feuerwehr-roettgen.de\/?page_id=8\"><strong>Mehr erfahren.<\/strong><\/a><\/span><\/p>\t\t\t\t\t\t\t\t<\/div>\n\t\t\t\t<\/div>\n\t\t\t\t\t<\/div>\n\t\t<\/div>\n\t\t\t\t<div class=\"elementor-column elementor-col-33 elementor-top-column elementor-element elementor-element-d6802ce\" data-id=\"d6802ce\" data-element_type=\"column\" data-e-type=\"column\">\n\t\t\t<div class=\"elementor-widget-wrap elementor-element-populated\">\n\t\t\t\t\t\t<div class=\"elementor-element elementor-element-462d1a3 elementor-widget elementor-widget-image\" data-id=\"462d1a3\" data-element_type=\"widget\" data-e-type=\"widget\" data-widget_type=\"image.default\">\n\t\t\t\t<div class=\"elementor-widget-container\">\n\t\t\t\t\t\t\t\t\t\t\t\t\t\t\t<img loading=\"lazy\" decoding=\"async\" width=\"1920\" height=\"1280\" src=\"https:\/\/feuerwehr-roettgen.de\/wp-77b5d-content\/uploads\/2019\/05\/fotosession2019-1920px-6532.jpg\" class=\"attachment-full size-full wp-image-2838\" alt=\"\" srcset=\"https:\/\/feuerwehr-roettgen.de\/wp-77b5d-content\/uploads\/2019\/05\/fotosession2019-1920px-6532.jpg 1920w, https:\/\/feuerwehr-roettgen.de\/wp-77b5d-content\/uploads\/2019\/05\/fotosession2019-1920px-6532-300x200.jpg 300w, https:\/\/feuerwehr-roettgen.de\/wp-77b5d-content\/uploads\/2019\/05\/fotosession2019-1920px-6532-768x512.jpg 768w, https:\/\/feuerwehr-roettgen.de\/wp-77b5d-content\/uploads\/2019\/05\/fotosession2019-1920px-6532-1024x683.jpg 1024w\" sizes=\"(max-width: 1920px) 100vw, 1920px\" \/>\t\t\t\t\t\t\t\t\t\t\t\t\t\t\t<\/div>\n\t\t\t\t<\/div>\n\t\t\t\t<div class=\"elementor-element elementor-element-f3a30e9 elementor-widget elementor-widget-heading\" data-id=\"f3a30e9\" data-element_type=\"widget\" data-e-type=\"widget\" data-widget_type=\"heading.default\">\n\t\t\t\t<div class=\"elementor-widget-container\">\n\t\t\t\t\t<h4 class=\"elementor-heading-title elementor-size-default\">DER F\u00d6RDERVEREIN<\/h4>\t\t\t\t<\/div>\n\t\t\t\t<\/div>\n\t\t\t\t<div class=\"elementor-element elementor-element-b763f5e elementor-widget elementor-widget-text-editor\" data-id=\"b763f5e\" data-element_type=\"widget\" data-e-type=\"widget\" data-widget_type=\"text-editor.default\">\n\t\t\t\t<div class=\"elementor-widget-container\">\n\t\t\t\t\t\t\t\t\t<p>M\u00f6chten Sie die Feuerwehr unterst\u00fctzen, doch der aktive Dienst ist nicht das Richtige f\u00fcr Sie? Als Mitglied im F\u00f6rderverein leisten Sie einen wertvollen Beitrag und unterst\u00fctzen die L\u00f6scheinheit nachhaltig. <strong><a href=\"https:\/\/feuerwehr-roettgen.de\/?page_id=9\">Mehr erfahren.<\/a><\/strong><\/p>\t\t\t\t\t\t\t\t<\/div>\n\t\t\t\t<\/div>\n\t\t\t\t\t<\/div>\n\t\t<\/div>\n\t\t\t\t\t<\/div>\n\t\t<\/section>\n\t\t\t\t<section class=\"elementor-section elementor-top-section elementor-element elementor-element-3697d171 elementor-section-boxed elementor-section-height-default elementor-section-height-default\" data-id=\"3697d171\" data-element_type=\"section\" data-e-type=\"section\" data-settings=\"{&quot;background_background&quot;:&quot;classic&quot;}\">\n\t\t\t\t\t\t<div class=\"elementor-container elementor-column-gap-default\">\n\t\t\t\t\t<div class=\"elementor-column elementor-col-25 elementor-top-column elementor-element elementor-element-52a6b6d\" data-id=\"52a6b6d\" data-element_type=\"column\" data-e-type=\"column\">\n\t\t\t<div class=\"elementor-widget-wrap elementor-element-populated\">\n\t\t\t\t\t\t<div class=\"elementor-element elementor-element-39bb695 elementor-view-default elementor-widget elementor-widget-icon\" data-id=\"39bb695\" data-element_type=\"widget\" data-e-type=\"widget\" data-widget_type=\"icon.default\">\n\t\t\t\t<div class=\"elementor-widget-container\">\n\t\t\t\t\t\t\t<div class=\"elementor-icon-wrapper\">\n\t\t\t<div class=\"elementor-icon\">\n\t\t\t\t\t\t\t<i class=\"fa fa-fire-extinguisher\" aria-hidden=\"true\"><\/i>\n\t\t\t\t\t\t<\/div>\n\t\t<\/div>\n\t\t\t\t\t\t<\/div>\n\t\t\t\t<\/div>\n\t\t\t\t\t<\/div>\n\t\t<\/div>\n\t\t\t\t<div class=\"elementor-column elementor-col-25 elementor-top-column elementor-element elementor-element-1f06b9f5\" data-id=\"1f06b9f5\" data-element_type=\"column\" data-e-type=\"column\">\n\t\t\t<div class=\"elementor-widget-wrap elementor-element-populated\">\n\t\t\t\t\t\t<div class=\"elementor-element elementor-element-880248f elementor-widget elementor-widget-heading\" data-id=\"880248f\" data-element_type=\"widget\" data-e-type=\"widget\" data-widget_type=\"heading.default\">\n\t\t\t\t<div class=\"elementor-widget-container\">\n\t\t\t\t\t<h3 class=\"elementor-heading-title elementor-size-default\"><h3 data-elementor-setting-key=\"title\" data-pen-placeholder=\"Eingabe hier...\">Ehrenamtlich als Feuerwehrmann\/-frau engagieren?<\/h3><\/h3>\t\t\t\t<\/div>\n\t\t\t\t<\/div>\n\t\t\t\t\t<\/div>\n\t\t<\/div>\n\t\t\t\t<div class=\"elementor-column elementor-col-25 elementor-top-column elementor-element elementor-element-462a1741\" data-id=\"462a1741\" data-element_type=\"column\" data-e-type=\"column\">\n\t\t\t<div class=\"elementor-widget-wrap elementor-element-populated\">\n\t\t\t\t\t\t<div class=\"elementor-element elementor-element-39302541 elementor-align-center elementor-widget elementor-widget-button\" data-id=\"39302541\" data-element_type=\"widget\" data-e-type=\"widget\" data-widget_type=\"button.default\">\n\t\t\t\t<div class=\"elementor-widget-container\">\n\t\t\t\t\t\t\t\t\t<div class=\"elementor-button-wrapper\">\n\t\t\t\t\t<a class=\"elementor-button elementor-button-link elementor-size-sm\" href=\"https:\/\/feuerwehr-roettgen.de\/?page_id=2569\">\n\t\t\t\t\t\t<span class=\"elementor-button-content-wrapper\">\n\t\t\t\t\t\t\t\t\t<span class=\"elementor-button-text\">Mehr erfahren<\/span>\n\t\t\t\t\t<\/span>\n\t\t\t\t\t<\/a>\n\t\t\t\t<\/div>\n\t\t\t\t\t\t\t\t<\/div>\n\t\t\t\t<\/div>\n\t\t\t\t\t<\/div>\n\t\t<\/div>\n\t\t\t\t<div class=\"elementor-column elementor-col-25 elementor-top-column elementor-element elementor-element-1bdb1ef4\" data-id=\"1bdb1ef4\" data-element_type=\"column\" data-e-type=\"column\">\n\t\t\t<div class=\"elementor-widget-wrap\">\n\t\t\t\t\t\t\t<\/div>\n\t\t<\/div>\n\t\t\t\t\t<\/div>\n\t\t<\/section>\n\t\t\t\t<\/div>\n\t\t","protected":false},"excerpt":{"rendered":"<p>DIE EHRENABTEILUNG Hans-Josef Fabritius Hauptfeuerwehrmann Paul Imhoff Oberfeuerwehrmann Detlef Opas Oberbrandmeister Heinz schmitz Oberfeuerwehrmann AKTIVER DIENST Die L\u00f6scheinheit R\u00f6ttgen besteht zur Zeit aus etwa 30 aktiven Feuerwehrm\u00e4nnern und -frauen. Sie alle wohnen im direkten Einzugsgebiet von R\u00f6ttgen und \u00dcckesdorf, um im Notfall schnell am Ger\u00e4tehaus sein zu k\u00f6nnen. Mehr erfahren. DIE JUGENDFEUERWEHR Die deutsche Jugendfeuerwehr [&hellip;]<\/p>\n","protected":false},"author":7,"featured_media":0,"parent":0,"menu_order":0,"comment_status":"closed","ping_status":"closed","template":"","meta":{"_acf_changed":false,"_uag_custom_page_level_css":"","site-sidebar-layout":"no-sidebar","site-content-layout":"page-builder","ast-site-content-layout":"default","site-content-style":"default","site-sidebar-style":"default","ast-global-header-display":"","ast-banner-title-visibility":"","ast-main-header-display":"","ast-hfb-above-header-display":"","ast-hfb-below-header-display":"","ast-hfb-mobile-header-display":"","site-post-title":"disabled","ast-breadcrumbs-content":"","ast-featured-img":"disabled","footer-sml-layout":"","ast-disable-related-posts":"","theme-transparent-header-meta":"enabled","adv-header-id-meta":"","stick-header-meta":"","header-above-stick-meta":"","header-main-stick-meta":"","header-below-stick-meta":"","astra-migrate-meta-layouts":"default","ast-page-background-enabled":"default","ast-page-background-meta":{"desktop":{"background-color":"","background-image":"","background-repeat":"repeat","background-position":"center center","background-size":"auto","background-attachment":"scroll","background-type":"","background-media":"","overlay-type":"","overlay-color":"","overlay-opacity":"","overlay-gradient":""},"tablet":{"background-color":"","background-image":"","background-repeat":"repeat","background-position":"center center","background-size":"auto","background-attachment":"scroll","background-type":"","background-media":"","overlay-type":"","overlay-color":"","overlay-opacity":"","overlay-gradient":""},"mobile":{"background-color":"","background-image":"","background-repeat":"repeat","background-position":"center center","background-size":"auto","background-attachment":"scroll","background-type":"","background-media":"","overlay-type":"","overlay-color":"","overlay-opacity":"","overlay-gradient":""}},"ast-content-background-meta":{"desktop":{"background-color":"var(--ast-global-color-5)","background-image":"","background-repeat":"repeat","background-position":"center center","background-size":"auto","background-attachment":"scroll","background-type":"","background-media":"","overlay-type":"","overlay-color":"","overlay-opacity":"","overlay-gradient":""},"tablet":{"background-color":"var(--ast-global-color-5)","background-image":"","background-repeat":"repeat","background-position":"center center","background-size":"auto","background-attachment":"scroll","background-type":"","background-media":"","overlay-type":"","overlay-color":"","overlay-opacity":"","overlay-gradient":""},"mobile":{"background-color":"var(--ast-global-color-5)","background-image":"","background-repeat":"repeat","background-position":"center center","background-size":"auto","background-attachment":"scroll","background-type":"","background-media":"","overlay-type":"","overlay-color":"","overlay-opacity":"","overlay-gradient":""}},"ngg_post_thumbnail":0,"footnotes":""},"class_list":["post-2548","page","type-page","status-publish","hentry"],"acf":[],"uagb_featured_image_src":{"full":false,"thumbnail":false,"medium":false,"medium_large":false,"large":false,"1536x1536":false,"2048x2048":false},"uagb_author_info":{"display_name":"Sebastian Scherrer","author_link":"https:\/\/feuerwehr-roettgen.de\/?author=7"},"uagb_comment_info":0,"uagb_excerpt":"DIE EHRENABTEILUNG Hans-Josef Fabritius Hauptfeuerwehrmann Paul Imhoff Oberfeuerwehrmann Detlef Opas Oberbrandmeister Heinz schmitz Oberfeuerwehrmann AKTIVER DIENST Die L\u00f6scheinheit R\u00f6ttgen besteht zur Zeit aus etwa 30 aktiven Feuerwehrm\u00e4nnern und -frauen. Sie alle wohnen im direkten Einzugsgebiet von R\u00f6ttgen und \u00dcckesdorf, um im Notfall schnell am Ger\u00e4tehaus sein zu k\u00f6nnen. Mehr erfahren. DIE JUGENDFEUERWEHR Die deutsche Jugendfeuerwehr&hellip;","_links":{"self":[{"href":"https:\/\/feuerwehr-roettgen.de\/index.php?rest_route=\/wp\/v2\/pages\/2548","targetHints":{"allow":["GET"]}}],"collection":[{"href":"https:\/\/feuerwehr-roettgen.de\/index.php?rest_route=\/wp\/v2\/pages"}],"about":[{"href":"https:\/\/feuerwehr-roettgen.de\/index.php?rest_route=\/wp\/v2\/types\/page"}],"author":[{"embeddable":true,"href":"https:\/\/feuerwehr-roettgen.de\/index.php?rest_route=\/wp\/v2\/users\/7"}],"replies":[{"embeddable":true,"href":"https:\/\/feuerwehr-roettgen.de\/index.php?rest_route=%2Fwp%2Fv2%2Fcomments&post=2548"}],"version-history":[{"count":26,"href":"https:\/\/feuerwehr-roettgen.de\/index.php?rest_route=\/wp\/v2\/pages\/2548\/revisions"}],"predecessor-version":[{"id":2921,"href":"https:\/\/feuerwehr-roettgen.de\/index.php?rest_route=\/wp\/v2\/pages\/2548\/revisions\/2921"}],"wp:attachment":[{"href":"https:\/\/feuerwehr-roettgen.de\/index.php?rest_route=%2Fwp%2Fv2%2Fmedia&parent=2548"}],"curies":[{"name":"wp","href":"https:\/\/api.w.org\/{rel}","templated":true}]}}